{"id":1493,"date":"2026-04-21T16:49:09","date_gmt":"2026-04-21T14:49:09","guid":{"rendered":"https:\/\/www.sickert-hafner.de\/?page_id=1493"},"modified":"2026-04-21T16:51:07","modified_gmt":"2026-04-21T14:51:07","slug":"cable-gland","status":"publish","type":"page","link":"https:\/\/www.sickert-hafner.de\/en\/products\/connectivity-solutions\/cable-gland\/","title":{"rendered":"Cable gland"},"content":{"rendered":"<div id='full_slider_1'  class='avia-fullwidth-slider main_color avia-shadow   avia-builder-el-0  el_before_av_heading  avia-builder-el-first   container_wrap fullsize'  ><div  class='avia-slideshow av-1154vc-345712896c94943f4eab9045c7d16a66 avia-slideshow-no scaling av_slideshow_full avia-slide-slider av-slideshow-ui av-control-default av-slideshow-manual av-loop-once av-loop-manual-endless av-default-height-applied   avia-slideshow-1' data-slideshow-options=\"{&quot;animation&quot;:&quot;slide&quot;,&quot;autoplay&quot;:false,&quot;loop_autoplay&quot;:&quot;once&quot;,&quot;interval&quot;:5,&quot;loop_manual&quot;:&quot;manual-endless&quot;,&quot;autoplay_stopper&quot;:false,&quot;noNavigation&quot;:false,&quot;bg_slider&quot;:false,&quot;keep_padding&quot;:false,&quot;hoverpause&quot;:false,&quot;show_slide_delay&quot;:0}\"  itemprop=\"image\" itemscope=\"itemscope\" itemtype=\"https:\/\/schema.org\/ImageObject\" ><ul class='avia-slideshow-inner ' style='padding-bottom: 18.229166666667%;'><li  class='avia-slideshow-slide av-1154vc-345712896c94943f4eab9045c7d16a66__0  av-single-slide slide-1 slide-odd'><div data-rel='slideshow-1' class='avia-slide-wrap '   ><div class='av-slideshow-caption av-1154vc-345712896c94943f4eab9045c7d16a66__0 caption_fullwidth caption_left caption_left_framed caption_framed'><div class=\"container caption_container\"><div class=\"slideshow_caption\"><div class=\"slideshow_inner_caption\"><div class=\"slideshow_align_caption\"><h2 class='avia-caption-title '  itemprop=\"name\" >Connectivity solutions from Sickert &amp; Hafner<\/h2><div class='avia-caption-content '  itemprop=\"description\" ><p>Technology that inspires and convinces<\/p>\n<\/div><\/div><\/div><\/div><\/div><\/div><img decoding=\"async\" fetchpriority=\"high\" class=\"wp-image-578 avia-img-lazy-loading-not-578\"  src=\"https:\/\/www.sickert-hafner.de\/wp-content\/uploads\/sickert-automotive-systems-produkte-header.jpg\" width=\"1920\" height=\"350\" title='sickert-automotive-systems-produkte-header' alt=''  itemprop=\"thumbnailUrl\"  style='min-height:300px; min-width:1646px; ' srcset=\"https:\/\/www.sickert-hafner.de\/wp-content\/uploads\/sickert-automotive-systems-produkte-header.jpg 1920w, https:\/\/www.sickert-hafner.de\/wp-content\/uploads\/sickert-automotive-systems-produkte-header-300x55.jpg 300w, https:\/\/www.sickert-hafner.de\/wp-content\/uploads\/sickert-automotive-systems-produkte-header-768x140.jpg 768w, https:\/\/www.sickert-hafner.de\/wp-content\/uploads\/sickert-automotive-systems-produkte-header-1030x188.jpg 1030w, https:\/\/www.sickert-hafner.de\/wp-content\/uploads\/sickert-automotive-systems-produkte-header-1500x273.jpg 1500w, https:\/\/www.sickert-hafner.de\/wp-content\/uploads\/sickert-automotive-systems-produkte-header-705x129.jpg 705w, https:\/\/www.sickert-hafner.de\/wp-content\/uploads\/sickert-automotive-systems-produkte-header-450x82.jpg 450w\" sizes=\"(max-width: 1920px) 100vw, 1920px\" \/><div class='av-section-color-overlay' style='opacity: 0.5; background-color: #000000; '><\/div><\/div><\/li><\/ul><\/div><\/div><div id='after_full_slider_1'  class='main_color av_default_container_wrap container_wrap fullsize'  ><div class='container av-section-cont-open' ><div class='template-page content  av-content-full alpha units'><div class='post-entry post-entry-type-page post-entry-1493'><div class='entry-content-wrapper clearfix'>\n\n<style type=\"text\/css\" data-created_by=\"avia_inline_auto\" id=\"style-css-av-rcekg-55e8fca5202eaeb5c1e85a370d4c7874\">\n#top .av-special-heading.av-rcekg-55e8fca5202eaeb5c1e85a370d4c7874{\npadding-bottom:10px;\n}\nbody .av-special-heading.av-rcekg-55e8fca5202eaeb5c1e85a370d4c7874 .av-special-heading-tag .heading-char{\nfont-size:25px;\n}\n.av-special-heading.av-rcekg-55e8fca5202eaeb5c1e85a370d4c7874 .av-subheading{\nfont-size:15px;\n}\n<\/style>\n<div  class='av-special-heading av-rcekg-55e8fca5202eaeb5c1e85a370d4c7874 av-special-heading-h1 blockquote modern-quote  avia-builder-el-1  el_after_av_slideshow_full  el_before_av_textblock  avia-builder-el-first '><h1 class='av-special-heading-tag '  itemprop=\"headline\"  >Cable gland<\/h1><div class=\"special-heading-border\"><div class=\"special-heading-inner-border\"><\/div><\/div><\/div>\n<section  class='av_textblock_section av-22xnc4-020a7912567a8798b87f54554a3dbfc6 '   itemscope=\"itemscope\" itemtype=\"https:\/\/schema.org\/CreativeWork\" ><div class='avia_textblock'  itemprop=\"text\" ><blockquote>\n<p>EMC cable glands for demanding applications<\/p>\n<\/blockquote>\n<p>Reliable cable glands for the safe passage, sealing and shielding of cables in technically demanding environments.<\/p>\n<p>Our cable glands combine mechanical stability with effective electromagnetic shielding (EMC) and are particularly suitable for applications with increased requirements for tightness, vibration resistance and electrical conductivity.<\/p>\n<\/div><\/section>\n<div  class='flex_column av-av_one_half-a2cef933b0a555f25d1e39b22a8e9dae av_one_half  avia-builder-el-3  el_after_av_textblock  el_before_av_hr  first flex_column_div  column-top-margin'     ><style type=\"text\/css\" data-created_by=\"avia_inline_auto\" id=\"style-css-av-av_image-90acc033f566ff1e868c742230e54fef\">\n.avia-image-container.av-av_image-90acc033f566ff1e868c742230e54fef img.avia_image{\nbox-shadow:none;\n}\n.avia-image-container.av-av_image-90acc033f566ff1e868c742230e54fef .av-image-caption-overlay-center{\ncolor:#ffffff;\n}\n<\/style>\n<div  class='avia-image-container av-av_image-90acc033f566ff1e868c742230e54fef av-styling- avia-align-center  avia-builder-el-4  avia-builder-el-no-sibling '   itemprop=\"image\" itemscope=\"itemscope\" itemtype=\"https:\/\/schema.org\/ImageObject\" ><div class=\"avia-image-container-inner\"><div class=\"avia-image-overlay-wrap\"><img decoding=\"async\" fetchpriority=\"high\" class='wp-image-1483 avia-img-lazy-loading-not-1483 avia_image ' src=\"https:\/\/www.sickert-hafner.de\/wp-content\/uploads\/sickert-automotive-kabelverschraubungen.jpg\" alt='Kabelverschraubungen' title='sickert-automotive-kabelverschraubungen'  height=\"600\" width=\"800\"  itemprop=\"thumbnailUrl\" srcset=\"https:\/\/www.sickert-hafner.de\/wp-content\/uploads\/sickert-automotive-kabelverschraubungen.jpg 800w, https:\/\/www.sickert-hafner.de\/wp-content\/uploads\/sickert-automotive-kabelverschraubungen-300x225.jpg 300w, https:\/\/www.sickert-hafner.de\/wp-content\/uploads\/sickert-automotive-kabelverschraubungen-768x576.jpg 768w, https:\/\/www.sickert-hafner.de\/wp-content\/uploads\/sickert-automotive-kabelverschraubungen-705x529.jpg 705w\" sizes=\"(max-width: 800px) 100vw, 800px\" \/><\/div><\/div><\/div><\/div>\n<div  class='hr av-8x4tf8-6ebc4c9fbff4537c987d49740abc3e26 hr-default  avia-builder-el-5  el_after_av_one_half  el_before_av_textblock '><span class='hr-inner '><span class=\"hr-inner-style\"><\/span><\/span><\/div>\n<section  class='av_textblock_section av-mo8izzq4-437bfa5378010e68c4ec71798f058513 '   itemscope=\"itemscope\" itemtype=\"https:\/\/schema.org\/CreativeWork\" ><div class='avia_textblock'  itemprop=\"text\" ><h2>Robust solution for industrial and safety-related systems<\/h2>\n<p>The design of our cable glands is based on a multi-part structure consisting of a screw body, union nut, pressure ring, shield contact and seal.<\/p>\n<p>This combination allows:<\/p>\n<ul>\n<li>Safe strain relief (\u2265 600 N)<\/li>\n<li>Reliable electrical contacting of the screen<\/li>\n<li>High tightness in the screwed condition (up to 0.6 bar)<\/li>\n<li>Effective EMC shielding up to 90 dB in the relevant frequency range<\/li>\n<\/ul>\n<\/div><\/section>\n<div  class='hr av-30r2hw-ee6ab0cb2fb3d8e7d8650b06eee481af hr-default  avia-builder-el-7  el_after_av_textblock  el_before_av_textblock '><span class='hr-inner '><span class=\"hr-inner-style\"><\/span><\/span><\/div>\n<section  class='av_textblock_section av-mo8j084r-0e806f49df8e6f936c51200ed46b677b '   itemscope=\"itemscope\" itemtype=\"https:\/\/schema.org\/CreativeWork\" ><div class='avia_textblock'  itemprop=\"text\" ><h2>Your benefits at a glance<\/h2>\n<ul>\n<li>Mechanically robust and durable design<\/li>\n<li>Effective shield contacting for EMC applications<\/li>\n<li>High pull-out forces and secure cable fastening<\/li>\n<li>Resistant to oil, fuels and environmental influences<\/li>\n<li>Corrosion-protected, electrically conductive surface<\/li>\n<li>Olive-green surface (similar to RAL 6014) for military applications<\/li>\n<li>Suitable for demanding industrial and military applications<\/li>\n<\/ul>\n<\/div><\/section>\n<div  class='hr av-6wepvo-16b5d17c2d8b814290c48f38801e6590 hr-default  avia-builder-el-9  el_after_av_textblock  el_before_av_textblock '><span class='hr-inner '><span class=\"hr-inner-style\"><\/span><\/span><\/div>\n<section  class='av_textblock_section av-mo8j0iaf-e7c5d33b1aa6403a8fa4eea9c972e361 '   itemscope=\"itemscope\" itemtype=\"https:\/\/schema.org\/CreativeWork\" ><div class='avia_textblock'  itemprop=\"text\" ><h2>Proven in military use<\/h2>\n<p>Our cable glands have been used in military applications for many years and are established with various system suppliers.<\/p>\n<p>All versions are listed as supply items of the Bundeswehr and have a NATO Stock Number (NSN). This makes them part of standardized logistics procurement processes.<\/p>\n<p>Our products are used by well-known European system houses.<\/p>\n<\/div><\/section>\n<div  class='hr av-5xgsdw-be1e11e565dca5907552adee6c14f965 hr-default  avia-builder-el-11  el_after_av_textblock  el_before_av_textblock '><span class='hr-inner '><span class=\"hr-inner-style\"><\/span><\/span><\/div>\n<section  class='av_textblock_section av-mo8j0se2-6ec7cdbd8e00632c4a943a75a8b147c9 '   itemscope=\"itemscope\" itemtype=\"https:\/\/schema.org\/CreativeWork\" ><div class='avia_textblock'  itemprop=\"text\" ><h2>Typical areas of application<\/h2>\n<ul>\n<li>Military vehicles and systems<\/li>\n<li>Communication and radar technology<\/li>\n<li>Mechanical and plant engineering<\/li>\n<li>Energy and Infrastructure Technology<\/li>\n<li>Maritime applications<\/li>\n<\/ul>\n<\/div><\/section>\n<div  class='hr av-4h9i2c-bb1c44c676d3186674790ab7402b0886 hr-default  avia-builder-el-13  el_after_av_textblock  el_before_av_textblock '><span class='hr-inner '><span class=\"hr-inner-style\"><\/span><\/span><\/div>\n<section  class='av_textblock_section av-mo8j11pa-ae929ea57398af7efd209081cd6792f1 '   itemscope=\"itemscope\" itemtype=\"https:\/\/schema.org\/CreativeWork\" ><div class='avia_textblock'  itemprop=\"text\" ><h2>Product variants<\/h2>\n<p>Our cable glands are available in several designs and cover different cable and diameter ranges.<\/p>\n<p>Typical features of the variants:<\/p>\n<ul>\n<li>Clamping ranges, e.g. from \u00d818.5 to \u00d824 mm and up to \u00d831\u201338 mm<\/li>\n<li>Aluminum alloy or brass version (CuZn)<\/li>\n<li>Surface galvanized and passivated (olive-green, similar to RAL 6014)<\/li>\n<li>Electrically conductive and corrosion-protected surface<\/li>\n<li>Temperature resistance from approx. -30 \u00b0C to +70 \u00b0C<\/li>\n<li>Integrated shield contacting and sealing systems<\/li>\n<\/ul>\n<\/div><\/section>\n<div  class='hr av-2fkgt0-52bf8f6bda23640c83de94841a134640 hr-default  avia-builder-el-15  el_after_av_textblock  el_before_av_textblock '><span class='hr-inner '><span class=\"hr-inner-style\"><\/span><\/span><\/div>\n<section  class='av_textblock_section av-mo8j1e5i-5108dfd61c42224b67f7f722bcd0d630 '   itemscope=\"itemscope\" itemtype=\"https:\/\/schema.org\/CreativeWork\" ><div class='avia_textblock'  itemprop=\"text\" ><h2>Technical execution (principle representation)<\/h2>\n<p>The components shown show the typical structure with:<\/p>\n<ul>\n<li>Screw body<\/li>\n<li>Union nut<\/li>\n<li>Pressure ring<\/li>\n<li>Umbrella contact<\/li>\n<li>Sealing system<\/li>\n<\/ul>\n<\/div><\/section>\n<div  class='flex_column av-2jgutg-f235d89ca25048e15252551f8bd18a91 av_one_half  avia-builder-el-17  el_after_av_textblock  avia-builder-el-last  first flex_column_div  column-top-margin'     ><style type=\"text\/css\" data-created_by=\"avia_inline_auto\" id=\"style-css-av-mo8j8t4x-1be859e204a3f4dfb6ac8c7160140203\">\n.avia-image-container.av-mo8j8t4x-1be859e204a3f4dfb6ac8c7160140203 img.avia_image{\nbox-shadow:none;\n}\n.avia-image-container.av-mo8j8t4x-1be859e204a3f4dfb6ac8c7160140203 .av-image-caption-overlay-center{\ncolor:#ffffff;\n}\n<\/style>\n<div  class='avia-image-container av-mo8j8t4x-1be859e204a3f4dfb6ac8c7160140203 av-styling- avia-align-center  avia-builder-el-18  avia-builder-el-no-sibling '   itemprop=\"image\" itemscope=\"itemscope\" itemtype=\"https:\/\/schema.org\/ImageObject\" ><div class=\"avia-image-container-inner\"><div class=\"avia-image-overlay-wrap\"><img decoding=\"async\" fetchpriority=\"high\" class='wp-image-1539 avia-img-lazy-loading-not-1539 avia_image ' src=\"https:\/\/www.sickert-hafner.de\/wp-content\/uploads\/sickert-automotive-kabelverschraubung-prinzip.jpg\" alt='Kabelverschraubung' title='sickert-automotive-kabelverschraubung-prinzip'  height=\"433\" width=\"636\"  itemprop=\"thumbnailUrl\" srcset=\"https:\/\/www.sickert-hafner.de\/wp-content\/uploads\/sickert-automotive-kabelverschraubung-prinzip.jpg 636w, https:\/\/www.sickert-hafner.de\/wp-content\/uploads\/sickert-automotive-kabelverschraubung-prinzip-300x204.jpg 300w\" sizes=\"(max-width: 636px) 100vw, 636px\" \/><\/div><\/div><\/div><\/div>\n","protected":false},"excerpt":{"rendered":"","protected":false},"author":1,"featured_media":0,"parent":1477,"menu_order":1,"comment_status":"closed","ping_status":"open","template":"","meta":{"footnotes":""},"class_list":["post-1493","page","type-page","status-publish","hentry"],"yoast_head":"<!-- This site is optimized with the Yoast SEO plugin v27.4 - https:\/\/yoast.com\/product\/yoast-seo-wordpress\/ -->\n<title>Cable gland - Sickert &amp; Hafner GmbH<\/title>\n<meta name=\"robots\" content=\"index, follow, max-snippet:-1, max-image-preview:large, max-video-preview:-1\" \/>\n<link rel=\"canonical\" href=\"https:\/\/www.sickert-hafner.de\/en\/products\/connectivity-solutions\/cable-gland\/\" \/>\n<meta property=\"og:locale\" content=\"en_US\" \/>\n<meta property=\"og:type\" content=\"article\" \/>\n<meta property=\"og:title\" content=\"Cable gland - Sickert &amp; Hafner GmbH\" \/>\n<meta property=\"og:url\" content=\"https:\/\/www.sickert-hafner.de\/en\/products\/connectivity-solutions\/cable-gland\/\" \/>\n<meta property=\"og:site_name\" content=\"Sickert &amp; Hafner GmbH\" \/>\n<meta property=\"article:modified_time\" content=\"2026-04-21T14:51:07+00:00\" \/>\n<meta name=\"twitter:card\" content=\"summary_large_image\" \/>\n<meta name=\"twitter:label1\" content=\"Est. reading time\" \/>\n\t<meta name=\"twitter:data1\" content=\"3 minutes\" \/>\n<script type=\"application\/ld+json\" class=\"yoast-schema-graph\">{\"@context\":\"https:\\\/\\\/schema.org\",\"@graph\":[{\"@type\":\"WebPage\",\"@id\":\"https:\\\/\\\/www.sickert-hafner.de\\\/en\\\/products\\\/connectivity-solutions\\\/cable-gland\\\/\",\"url\":\"https:\\\/\\\/www.sickert-hafner.de\\\/en\\\/products\\\/connectivity-solutions\\\/cable-gland\\\/\",\"name\":\"Cable gland - Sickert &amp; Hafner GmbH\",\"isPartOf\":{\"@id\":\"https:\\\/\\\/www.sickert-hafner.de\\\/#website\"},\"datePublished\":\"2026-04-21T14:49:09+00:00\",\"dateModified\":\"2026-04-21T14:51:07+00:00\",\"breadcrumb\":{\"@id\":\"https:\\\/\\\/www.sickert-hafner.de\\\/en\\\/products\\\/connectivity-solutions\\\/cable-gland\\\/#breadcrumb\"},\"inLanguage\":\"en-US\",\"potentialAction\":[{\"@type\":\"ReadAction\",\"target\":[\"https:\\\/\\\/www.sickert-hafner.de\\\/en\\\/products\\\/connectivity-solutions\\\/cable-gland\\\/\"]}]},{\"@type\":\"BreadcrumbList\",\"@id\":\"https:\\\/\\\/www.sickert-hafner.de\\\/en\\\/products\\\/connectivity-solutions\\\/cable-gland\\\/#breadcrumb\",\"itemListElement\":[{\"@type\":\"ListItem\",\"position\":1,\"name\":\"Startseite\",\"item\":\"https:\\\/\\\/www.sickert-hafner.de\\\/en\\\/home\\\/\"},{\"@type\":\"ListItem\",\"position\":2,\"name\":\"Products\",\"item\":\"https:\\\/\\\/www.sickert-hafner.de\\\/en\\\/products\\\/\"},{\"@type\":\"ListItem\",\"position\":3,\"name\":\"Connectivity solutions\",\"item\":\"https:\\\/\\\/www.sickert-hafner.de\\\/en\\\/products\\\/connectivity-solutions\\\/\"},{\"@type\":\"ListItem\",\"position\":4,\"name\":\"Cable gland\"}]},{\"@type\":\"WebSite\",\"@id\":\"https:\\\/\\\/www.sickert-hafner.de\\\/#website\",\"url\":\"https:\\\/\\\/www.sickert-hafner.de\\\/\",\"name\":\"Sickert &amp; Hafner GmbH\",\"description\":\"Automotive Systems\",\"potentialAction\":[{\"@type\":\"SearchAction\",\"target\":{\"@type\":\"EntryPoint\",\"urlTemplate\":\"https:\\\/\\\/www.sickert-hafner.de\\\/?s={search_term_string}\"},\"query-input\":{\"@type\":\"PropertyValueSpecification\",\"valueRequired\":true,\"valueName\":\"search_term_string\"}}],\"inLanguage\":\"en-US\"}]}<\/script>\n<!-- \/ Yoast SEO plugin. -->","yoast_head_json":{"title":"Cable gland - Sickert &amp; Hafner GmbH","robots":{"index":"index","follow":"follow","max-snippet":"max-snippet:-1","max-image-preview":"max-image-preview:large","max-video-preview":"max-video-preview:-1"},"canonical":"https:\/\/www.sickert-hafner.de\/en\/products\/connectivity-solutions\/cable-gland\/","og_locale":"en_US","og_type":"article","og_title":"Cable gland - Sickert &amp; Hafner GmbH","og_url":"https:\/\/www.sickert-hafner.de\/en\/products\/connectivity-solutions\/cable-gland\/","og_site_name":"Sickert &amp; Hafner GmbH","article_modified_time":"2026-04-21T14:51:07+00:00","twitter_card":"summary_large_image","twitter_misc":{"Est. reading time":"3 minutes"},"schema":{"@context":"https:\/\/schema.org","@graph":[{"@type":"WebPage","@id":"https:\/\/www.sickert-hafner.de\/en\/products\/connectivity-solutions\/cable-gland\/","url":"https:\/\/www.sickert-hafner.de\/en\/products\/connectivity-solutions\/cable-gland\/","name":"Cable gland - Sickert &amp; Hafner GmbH","isPartOf":{"@id":"https:\/\/www.sickert-hafner.de\/#website"},"datePublished":"2026-04-21T14:49:09+00:00","dateModified":"2026-04-21T14:51:07+00:00","breadcrumb":{"@id":"https:\/\/www.sickert-hafner.de\/en\/products\/connectivity-solutions\/cable-gland\/#breadcrumb"},"inLanguage":"en-US","potentialAction":[{"@type":"ReadAction","target":["https:\/\/www.sickert-hafner.de\/en\/products\/connectivity-solutions\/cable-gland\/"]}]},{"@type":"BreadcrumbList","@id":"https:\/\/www.sickert-hafner.de\/en\/products\/connectivity-solutions\/cable-gland\/#breadcrumb","itemListElement":[{"@type":"ListItem","position":1,"name":"Startseite","item":"https:\/\/www.sickert-hafner.de\/en\/home\/"},{"@type":"ListItem","position":2,"name":"Products","item":"https:\/\/www.sickert-hafner.de\/en\/products\/"},{"@type":"ListItem","position":3,"name":"Connectivity solutions","item":"https:\/\/www.sickert-hafner.de\/en\/products\/connectivity-solutions\/"},{"@type":"ListItem","position":4,"name":"Cable gland"}]},{"@type":"WebSite","@id":"https:\/\/www.sickert-hafner.de\/#website","url":"https:\/\/www.sickert-hafner.de\/","name":"Sickert &amp; Hafner GmbH","description":"Automotive Systems","potentialAction":[{"@type":"SearchAction","target":{"@type":"EntryPoint","urlTemplate":"https:\/\/www.sickert-hafner.de\/?s={search_term_string}"},"query-input":{"@type":"PropertyValueSpecification","valueRequired":true,"valueName":"search_term_string"}}],"inLanguage":"en-US"}]}},"_links":{"self":[{"href":"https:\/\/www.sickert-hafner.de\/en\/wp-json\/wp\/v2\/pages\/1493","targetHints":{"allow":["GET"]}}],"collection":[{"href":"https:\/\/www.sickert-hafner.de\/en\/wp-json\/wp\/v2\/pages"}],"about":[{"href":"https:\/\/www.sickert-hafner.de\/en\/wp-json\/wp\/v2\/types\/page"}],"author":[{"embeddable":true,"href":"https:\/\/www.sickert-hafner.de\/en\/wp-json\/wp\/v2\/users\/1"}],"replies":[{"embeddable":true,"href":"https:\/\/www.sickert-hafner.de\/en\/wp-json\/wp\/v2\/comments?post=1493"}],"version-history":[{"count":3,"href":"https:\/\/www.sickert-hafner.de\/en\/wp-json\/wp\/v2\/pages\/1493\/revisions"}],"predecessor-version":[{"id":1549,"href":"https:\/\/www.sickert-hafner.de\/en\/wp-json\/wp\/v2\/pages\/1493\/revisions\/1549"}],"up":[{"embeddable":true,"href":"https:\/\/www.sickert-hafner.de\/en\/wp-json\/wp\/v2\/pages\/1477"}],"wp:attachment":[{"href":"https:\/\/www.sickert-hafner.de\/en\/wp-json\/wp\/v2\/media?parent=1493"}],"curies":[{"name":"wp","href":"https:\/\/api.w.org\/{rel}","templated":true}]}}